{"id":1514,"date":"2023-05-15T14:27:45","date_gmt":"2023-05-15T14:27:45","guid":{"rendered":"https:\/\/laposadadezocodover.es\/?page_id=1514"},"modified":"2023-05-15T14:33:02","modified_gmt":"2023-05-15T14:33:02","slug":"declaracion-de-accesibilidad","status":"publish","type":"page","link":"https:\/\/laposadadezocodover.es\/en\/declaracion-de-accesibilidad\/","title":{"rendered":"Declaraci\u00f3n de Accesibilidad"},"content":{"rendered":"<p><div class=\"et_d4_element et_pb_section et_pb_section_0 et_pb_with_background  et_pb_css_mix_blend_mode et_section_regular et_pb_section--with-menu et_block_section\" >\n\t\t\t\t\n\t\t\t\t\n\t\t\t\t\n\t\t\t\t\n\t\t\t\t\n\t\t\t\t\n\t\t\t\t<div class=\"et_d4_element et_pb_row et_pb_row_0  et_pb_css_mix_blend_mode et_block_row\">\n\t\t\t\t<div class=\"et_d4_element et_pb_column_4_4 et_pb_column et_pb_column_0  et_pb_css_mix_blend_mode et-last-child et_block_column\">\n\t\t\t\t\n\t\t\t\t\n\t\t\t\t\n\t\t\t\t\n\t\t\t\t<div class=\"et_pb_module et_d4_element et_pb_text et_pb_text_0  et_pb_text_align_center et_pb_bg_layout_light\">\n\t\t\t\t\n\t\t\t\t\n\t\t\t\t\n\t\t\t\t\n\t\t\t\t<div class=\"et_pb_text_inner\"><p>DECLARACI\u00d3N DE ACCESIBILIDAD<\/p><\/div>\n\t\t\t<\/div>\n\t\t\t<\/div>\n\t\t\t\t\n\t\t\t\t\n\t\t\t\t\n\t\t\t\t\n\t\t\t<\/div><div class=\"et_d4_element et_pb_row et_pb_row_2 et_pb_sticky_module et_pb_gutters1  et_pb_css_mix_blend_mode et_pb_row--with-menu et_block_row\">\n\t\t\t\t<div class=\"et_d4_element et_pb_column_3_4 et_pb_column et_pb_column_1  et_pb_css_mix_blend_mode et_pb_column--with-menu et_block_column\">\n\t\t\t\t\n\t\t\t\t\n\t\t\t\t\n\t\t\t\t\n\t\t\t\t<div class=\"et_pb_module et_d4_element et_pb_menu et_pb_menu_0 et_pb_bg_layout_light  et_pb_text_align_center et_dropdown_animation_fade et_pb_menu--with-logo et_pb_menu--style-left_aligned  et_pb_css_mix_blend_mode\">\n\t\t\t\t\t\n\t\t\t\t\t\n\t\t\t\t\t\n\t\t\t\t\t\n\t\t\t\t\t<div class=\"et_pb_menu_inner_container clearfix\">\n\t\t\t\t\t\t<div class=\"et_pb_menu__logo-wrap\">\n\t\t\t  <div class=\"et_pb_menu__logo\">\n\t\t\t\t<a href=\"https:\/\/laposadadezocodover.es\/en\/\" ><img loading=\"lazy\" decoding=\"async\" width=\"303\" height=\"72\" src=\"http:\/\/web.laposadadezocodover.es\/wp-content\/uploads\/2022\/07\/logo_original.png\" alt=\"\" srcset=\"https:\/\/laposadadezocodover.es\/wp-content\/uploads\/2022\/07\/logo_original.png 303w, https:\/\/laposadadezocodover.es\/wp-content\/uploads\/2022\/07\/logo_original-300x71.png 300w\" sizes=\"(max-width: 303px) 100vw, 303px\" class=\"wp-image-49\" \/><\/a>\n\t\t\t  <\/div>\n\t\t\t<\/div>\n\t\t\t\t\t\t<div class=\"et_pb_menu__wrap\">\n\t\t\t\t\t\t\t<div class=\"et_pb_menu__menu\">\n\t\t\t\t\t\t\t\t<nav class=\"et-menu-nav\"><ul id=\"menu-menu-superior\" class=\"et-menu nav\"><li id=\"menu-item-58\" class=\"et_pb_menu_page_id-home menu-item menu-item-type-post_type menu-item-object-page menu-item-home menu-item-58\"><a href=\"https:\/\/laposadadezocodover.es\/en\/\">Inicio<\/a><\/li>\n<li id=\"menu-item-159\" class=\"et_pb_menu_page_id-85 menu-item menu-item-type-post_type menu-item-object-page menu-item-159\"><a href=\"https:\/\/laposadadezocodover.es\/en\/habitaciones\/\">Habitaciones<\/a><\/li>\n<li id=\"menu-item-872\" class=\"et_pb_menu_page_id-826 menu-item menu-item-type-post_type menu-item-object-page menu-item-872\"><a href=\"https:\/\/laposadadezocodover.es\/en\/apartamento\/\">Apartamento<\/a><\/li>\n<li id=\"menu-item-156\" class=\"et_pb_menu_page_id-128 menu-item menu-item-type-post_type menu-item-object-page menu-item-156\"><a href=\"https:\/\/laposadadezocodover.es\/en\/entorno\/\">Entorno<\/a><\/li>\n<li id=\"menu-item-158\" class=\"et_pb_menu_page_id-97 menu-item menu-item-type-post_type menu-item-object-page menu-item-158\"><a href=\"https:\/\/laposadadezocodover.es\/en\/comollegar\/\">C\u00f3mo Llegar<\/a><\/li>\n<li id=\"menu-item-157\" class=\"et_pb_menu_page_id-104 menu-item menu-item-type-post_type menu-item-object-page menu-item-157\"><a href=\"https:\/\/laposadadezocodover.es\/en\/contacto\/\">Contacto<\/a><\/li>\n<\/ul><\/nav>\n\t\t\t\t\t\t\t<\/div>\n\t\t\t\t\t\t\t\n\t\t\t\t\t\t\t\n\t\t\t\t\t\t\t<div class=\"et_mobile_nav_menu\">\n\t\t\t\t<div class=\"mobile_nav closed\">\n\t\t\t\t\t<span class=\"mobile_menu_bar\"><\/span>\n\t\t\t\t<\/div>\n\t\t\t<\/div>\n\t\t\t\t\t\t<\/div>\n\t\t\t\t\t\t\n\t\t\t\t\t<\/div>\n\t\t\t\t<\/div>\n\t\t\t<\/div><div class=\"et_d4_element et_pb_column_1_4 et_pb_column et_pb_column_2  et_pb_css_mix_blend_mode et-last-child et_block_column\">\n\t\t\t\t\n\t\t\t\t\n\t\t\t\t\n\t\t\t\t\n\t\t\t\t<div class=\"et_pb_module et_d4_element et_pb_code et_pb_code_0  et_pb_text_align_center\">\n\t\t\t\t\n\t\t\t\t\n\t\t\t\t\n\t\t\t\t\n\t\t\t\t<div class=\"et_pb_code_inner\"><div class=\"trp_language_switcher_shortcode\">\n<div class=\"trp-language-switcher trp-language-switcher-container\" data-no-translation >\n    <div class=\"trp-ls-shortcode-current-language\">\n        <a href=\"#\" class=\"trp-ls-shortcode-disabled-language trp-ls-disabled-language\" title=\"English (UK)\" onclick=\"event.preventDefault()\">\n\t\t\t<img loading=\"lazy\" decoding=\"async\" class=\"trp-flag-image\" src=\"https:\/\/laposadadezocodover.es\/wp-content\/uploads\/2022\/07\/GB-1.svg\" width=\"18\" height=\"12\" alt=\"en_GB\" title=\"English (UK)\"> \t\t<\/a>\n    <\/div>\n    <div class=\"trp-ls-shortcode-language\">\n                <a href=\"#\" class=\"trp-ls-shortcode-disabled-language trp-ls-disabled-language\"  title=\"English (UK)\" onclick=\"event.preventDefault()\">\n\t\t\t<img loading=\"lazy\" decoding=\"async\" class=\"trp-flag-image\" src=\"https:\/\/laposadadezocodover.es\/wp-content\/uploads\/2022\/07\/GB-1.svg\" width=\"18\" height=\"12\" alt=\"en_GB\" title=\"English (UK)\"> \t\t<\/a>\n                    <a href=\"https:\/\/laposadadezocodover.es\/en\/wp-json\/wp\/v2\/pages\/1514#TRPLINKPROCESSED\" title=\"Spanish (Spain)\">\n            <img loading=\"lazy\" decoding=\"async\" class=\"trp-flag-image\" src=\"https:\/\/laposadadezocodover.es\/wp-content\/uploads\/2022\/07\/ES-2.svg\" width=\"18\" height=\"12\" alt=\"es_ES\" title=\"Spanish (Spain)\">         <\/a>\n\n        <\/div>\n    <script type=\"application\/javascript\">\n        \/\/ need to have the same with set from JS on both divs. Otherwise it can push stuff around in HTML\n        var trp_ls_shortcodes = document.querySelectorAll('.trp_language_switcher_shortcode .trp-language-switcher');\n        if ( trp_ls_shortcodes.length > 0) {\n            \/\/ get the last language switcher added\n            var trp_el = trp_ls_shortcodes[trp_ls_shortcodes.length - 1];\n\n            var trp_shortcode_language_item = trp_el.querySelector( '.trp-ls-shortcode-language' )\n            \/\/ set width\n            var trp_ls_shortcode_width                                               = trp_shortcode_language_item.offsetWidth + 16;\n            trp_shortcode_language_item.style.width                                  = trp_ls_shortcode_width + 'px';\n            trp_el.querySelector( '.trp-ls-shortcode-current-language' ).style.width = trp_ls_shortcode_width + 'px';\n\n            \/\/ We're putting this on display: none after we have its width.\n            trp_shortcode_language_item.style.display = 'none';\n        }\n    <\/script>\n<\/div>\n<\/div><\/div>\n\t\t\t<\/div>\n\t\t\t<\/div>\n\t\t\t\t\n\t\t\t\t\n\t\t\t\t\n\t\t\t\t\n\t\t\t<\/div><div class=\"et_d4_element et_pb_row et_pb_row_4 et_pb_sticky_module  et_pb_css_mix_blend_mode et_pb_row--with-menu et_block_row\">\n\t\t\t\t<div class=\"et_d4_element et_pb_column_4_4 et_pb_column et_pb_column_3  et_pb_css_mix_blend_mode et-last-child et_pb_column--with-menu et_block_column\">\n\t\t\t\t\n\t\t\t\t\n\t\t\t\t\n\t\t\t\t\n\t\t\t\t<div id=\"MenuMovil\" class=\"et_pb_module et_d4_element et_pb_menu et_pb_menu_1 et_pb_bg_layout_light  et_pb_text_align_left et_dropdown_animation_fade et_pb_menu--with-logo et_pb_menu--style-left_aligned  et_pb_css_mix_blend_mode\">\n\t\t\t\t\t\n\t\t\t\t\t\n\t\t\t\t\t\n\t\t\t\t\t\n\t\t\t\t\t<div class=\"et_pb_menu_inner_container clearfix\">\n\t\t\t\t\t\t<div class=\"et_pb_menu__logo-wrap\">\n\t\t\t  <div class=\"et_pb_menu__logo\">\n\t\t\t\t<a href=\"https:\/\/laposadadezocodover.es\/en\/\" ><img loading=\"lazy\" decoding=\"async\" width=\"303\" height=\"72\" src=\"http:\/\/web.laposadadezocodover.es\/wp-content\/uploads\/2022\/07\/logo_original.png\" alt=\"\" srcset=\"https:\/\/laposadadezocodover.es\/wp-content\/uploads\/2022\/07\/logo_original.png 303w, https:\/\/laposadadezocodover.es\/wp-content\/uploads\/2022\/07\/logo_original-300x71.png 300w\" sizes=\"(max-width: 303px) 100vw, 303px\" class=\"wp-image-49\" \/><\/a>\n\t\t\t  <\/div>\n\t\t\t<\/div>\n\t\t\t\t\t\t<div class=\"et_pb_menu__wrap\">\n\t\t\t\t\t\t\t<div class=\"et_pb_menu__menu\">\n\t\t\t\t\t\t\t\t<nav class=\"et-menu-nav\"><ul id=\"menu-menu-movil\" class=\"et-menu nav\"><li id=\"menu-item-464\" class=\"et_pb_menu_page_id-home menu-item menu-item-type-post_type menu-item-object-page menu-item-home menu-item-464\"><a href=\"https:\/\/laposadadezocodover.es\/en\/\">Inicio<\/a><\/li>\n<li id=\"menu-item-462\" class=\"et_pb_menu_page_id-85 menu-item menu-item-type-post_type menu-item-object-page menu-item-462\"><a href=\"https:\/\/laposadadezocodover.es\/en\/habitaciones\/\">Habitaciones<\/a><\/li>\n<li id=\"menu-item-873\" class=\"et_pb_menu_page_id-826 menu-item menu-item-type-post_type menu-item-object-page menu-item-873\"><a href=\"https:\/\/laposadadezocodover.es\/en\/apartamento\/\">Apartamento<\/a><\/li>\n<li id=\"menu-item-459\" class=\"et_pb_menu_page_id-128 menu-item menu-item-type-post_type menu-item-object-page menu-item-459\"><a href=\"https:\/\/laposadadezocodover.es\/en\/entorno\/\">Entorno<\/a><\/li>\n<li id=\"menu-item-461\" class=\"et_pb_menu_page_id-97 menu-item menu-item-type-post_type menu-item-object-page menu-item-461\"><a href=\"https:\/\/laposadadezocodover.es\/en\/comollegar\/\">C\u00f3mo Llegar<\/a><\/li>\n<li id=\"menu-item-460\" class=\"et_pb_menu_page_id-104 menu-item menu-item-type-post_type menu-item-object-page menu-item-460\"><a href=\"https:\/\/laposadadezocodover.es\/en\/contacto\/\">Contacto<\/a><\/li>\n<li id=\"menu-item-463\" class=\"trp-language-switcher-container et_pb_menu_page_id-401 menu-item menu-item-type-post_type menu-item-object-language_switcher current-language-menu-item menu-item-463\"><a href=\"https:\/\/laposadadezocodover.es\/en\/wp-json\/wp\/v2\/pages\/1514#TRPLINKPROCESSED\"><span data-no-translation><img loading=\"lazy\" decoding=\"async\" class=\"trp-flag-image\" src=\"https:\/\/laposadadezocodover.es\/wp-content\/uploads\/2022\/07\/ES-2.svg\" width=\"18\" height=\"12\" alt=\"es_ES\" title=\"Spanish (Spain)\"><span class=\"trp-ls-language-name\">ES<\/span><\/span><\/a><\/li>\n<\/ul><\/nav>\n\t\t\t\t\t\t\t<\/div>\n\t\t\t\t\t\t\t\n\t\t\t\t\t\t\t\n\t\t\t\t\t\t\t<div class=\"et_mobile_nav_menu\">\n\t\t\t\t<div class=\"mobile_nav closed\">\n\t\t\t\t\t<span class=\"mobile_menu_bar\"><\/span>\n\t\t\t\t<\/div>\n\t\t\t<\/div>\n\t\t\t\t\t\t<\/div>\n\t\t\t\t\t\t\n\t\t\t\t\t<\/div>\n\t\t\t\t<\/div>\n\t\t\t<\/div>\n\t\t\t\t\n\t\t\t\t\n\t\t\t\t\n\t\t\t\t\n\t\t\t<\/div>\n\t\t\t\t\n\t\t\t\t\n\t\t\t<\/div><div class=\"et_d4_element et_pb_section et_pb_section_1  et_pb_css_mix_blend_mode et_section_regular et_block_section\" >\n\t\t\t\t\n\t\t\t\t\n\t\t\t\t\n\t\t\t\t\n\t\t\t\t\n\t\t\t\t\n\t\t\t\t<div class=\"et_d4_element et_pb_row et_pb_row_5  et_pb_css_mix_blend_mode et_block_row\">\n\t\t\t\t<div class=\"et_d4_element et_pb_column_4_4 et_pb_column et_pb_column_4  et_pb_css_mix_blend_mode et-last-child et_block_column\">\n\t\t\t\t\n\t\t\t\t\n\t\t\t\t\n\t\t\t\t\n\t\t\t\t<div class=\"et_pb_module et_d4_element et_pb_text et_pb_text_1  et_pb_text_align_left et_pb_bg_layout_light\">\n\t\t\t\t\n\t\t\t\t\n\t\t\t\t\n\t\t\t\t\n\t\t\t\t<div class=\"et_pb_text_inner\"><h1>DECLARACI\u00d3N DE ACCESIBILIDAD<\/h1>\n<p><b><\/b><\/p>\n<p><b>INTRODUCCI\u00d3N\u00a0<\/b><\/p>\n<p><i><span style=\"font-weight: 400;\">La Posada Zocodover se ha comprometido a hacer accesible su sitio web, de conformidad con <\/span><\/i><a href=\"https:\/\/www.boe.es\/buscar\/act.php?id=BOE-A-2018-12699\"><span style=\"font-weight: 400;\">Real<\/span> <span style=\"font-weight: 400;\">Decreto 1112\/2018, de 7 de septiembre, sobre accesibilidad de los sitios web<\/span> <span style=\"font-weight: 400;\">y aplicaciones para dispositivos m\u00f3viles del sector p\u00fablico<\/span><\/a><\/p>\n<p><span style=\"font-weight: 400;\">\u00a0<\/span><\/p>\n<p><i><span style=\"font-weight: 400;\">La presente declaraci\u00f3n de accesibilidad se aplica a https:\/\/laposadadezocodover.es<\/span><\/i><span style=\"font-weight: 400;\">.<\/span><\/p>\n<p><span style=\"font-weight: 400;\">\u00a0\u00a0<\/span><\/p>\n<p><b>SITUACI\u00d3N DE CUMPLIMIENTO\u00a0<\/b><\/p>\n<h2><\/h2>\n<p><i><span style=\"font-weight: 400;\">Este sitio web es <\/span><\/i><span style=\"font-weight: 400;\">\u00a0<\/span><b>parcialmente <\/b><i><span style=\"font-weight: 400;\">conforme<\/span><\/i><span style=\"font-weight: 400;\"> con el <\/span><a href=\"https:\/\/www.boe.es\/buscar\/act.php?id=BOE-A-2018-12699\"><span style=\"font-weight: 400;\">Real<\/span> <span style=\"font-weight: 400;\">Decreto 1112\/2018, de 7 de septiembre, sobre accesibilidad de los sitios web<\/span> <span style=\"font-weight: 400;\">y aplicaciones para dispositivos m\u00f3viles del sector p\u00fablico<\/span><\/a><span style=\"font-weight: 400;\"> debido <\/span><i><span style=\"font-weight: 400;\">a la falta de conformidad de los aspectos<\/span><\/i><span style=\"font-weight: 400;\"> que se <\/span><i><span style=\"font-weight: 400;\">indican<\/span><\/i><span style=\"font-weight: 400;\"> a continuaci\u00f3n.\u00a0<\/span><\/p>\n<p><span style=\"font-weight: 400;\">\u00a0<\/span><\/p>\n<p><b>CONTENIDO NO ACCESIBLE\u00a0<\/b><\/p>\n<p><i><span style=\"font-weight: 400;\">El contenido que se recoge a continuaci\u00f3n no es accesible por lo siguiente:<\/span><\/i><span style=\"font-weight: 400;\">\u00a0<\/span><\/p>\n<p><span style=\"font-weight: 400;\">\u00a0<\/span><\/p>\n<ol>\n<li style=\"font-weight: 400;\" aria-level=\"1\"><b><i>falta de conformidad con <\/i><\/b><a href=\"https:\/\/www.boe.es\/buscar\/act.php?id=BOE-A-2018-12699\"><span style=\"font-weight: 400;\">Real<\/span> <span style=\"font-weight: 400;\">Decreto 1112\/2018, de 7 de septiembre, sobre accesibilidad de los sitios web<\/span> <span style=\"font-weight: 400;\">y aplicaciones para dispositivos m\u00f3viles del sector p\u00fablico<\/span><\/a><\/li>\n<\/ol>\n<p><span style=\"font-weight: 400;\">Puede ser que en alguna p\u00e1gina el contraste de los colores texto-fondo no alcancen por poco el ratio necesario. As\u00ed tampoco se dispone de un mecanismo para evitar los bloques de contenido repetidos. Tambi\u00e9n puede ser que alguna interfaz de usuario no tenga un foco de teclado visible. El idioma de cada pasaje no est\u00e1 etiquetado, sino que se realiza de manera general. Tampoco se dispone de servicios de apoyo integrados en la p\u00e1gina.<\/span><\/p>\n<p><span style=\"font-weight: 400;\">\u00a0<\/span><\/p>\n<ol>\n<li style=\"font-weight: 400;\" aria-level=\"1\"><b><i>Carga desproporcionada: no aplica<\/i><\/b><\/li>\n<\/ol>\n<p><span style=\"font-weight: 400;\">\u00a0<\/span><\/p>\n<p><span style=\"font-weight: 400;\">\u00a0<\/span><b>PREPARACI\u00d3N<\/b> <b>DE<\/b> <b>LA<\/b> <b>PRESENTE<\/b> <b>DECLARACI\u00d3N<\/b> <b>DE ACCESIBILIDAD\u00a0<\/b><\/p>\n<p><i><span style=\"font-weight: 400;\">La presente declaraci\u00f3n fue preparada el 15 de mayo de 2023.<\/span><\/i><span style=\"font-weight: 400;\">\u00a0<\/span><\/p>\n<p><i><span style=\"font-weight: 400;\">El m\u00e9todo empleado para preparar la declaraci\u00f3n ha sido la autoevaluaci\u00f3n llevada a cabo por Softme.<\/span><\/i><\/p>\n<p><span style=\"font-weight: 400;\">\u00a0<\/span><\/p>\n<p><i><span style=\"font-weight: 400;\">\u00daltima revisi\u00f3n de la declaraci\u00f3n: el 15 de mayo de 2023.<\/span><\/i><span style=\"font-weight: 400;\">\u00a0<\/span><\/p>\n<p><span style=\"font-weight: 400;\">\u00a0<\/span><\/p>\n<p><b>OBSERVACIONES Y DATOS DE CONTACTO\u00a0<\/b><\/p>\n<p><i><span style=\"font-weight: 400;\">Puede realizar comunicaciones sobre requisitos de accesibilidad (art\u00edculo 10.2.a) del <\/span><\/i><a href=\"https:\/\/www.boe.es\/buscar\/act.php?id=BOE-A-2018-12699\"><span style=\"font-weight: 400;\">Real<\/span> <span style=\"font-weight: 400;\">Decreto 1112\/2018, de 7 de septiembre, sobre accesibilidad de los sitios web<\/span> <span style=\"font-weight: 400;\">y aplicaciones para dispositivos m\u00f3viles del sector p\u00fablico<\/span><\/a><i><span style=\"font-weight: 400;\"> como, por ejemplo:<\/span><\/i><\/p>\n<p>&nbsp;<\/p>\n<ul>\n<li style=\"font-weight: 400;\" aria-level=\"1\"><i><span style=\"font-weight: 400;\">Informar sobre cualquier posible incumplimiento por parte de este sitio web.<\/span><\/i><\/li>\n<\/ul>\n<ul>\n<li style=\"font-weight: 400;\" aria-level=\"1\"><i><span style=\"font-weight: 400;\">Transmitir otras dificultades de acceso al contenido.<\/span><\/i><\/li>\n<\/ul>\n<ul>\n<li style=\"font-weight: 400;\" aria-level=\"1\"><i><span style=\"font-weight: 400;\">Formular cualquier otra consulta o sugerencia de mejora relativa a la accesibilidad del sitio web.<\/span><\/i><\/li>\n<\/ul>\n<p>&nbsp;<\/p>\n<p><i><span style=\"font-weight: 400;\">A trav\u00e9s de la siguiente v\u00eda:<\/span><\/i><\/p>\n<p>&nbsp;<\/p>\n<p><i><span style=\"font-weight: 400;\">Correo electr\u00f3nico: marketing@softme.es<\/span><\/i><\/p>\n<h2><\/h2>\n<p><b>PROCEDIMIENTO DE APLICACI\u00d3N\u00a0<\/b><\/p>\n<p><i><span style=\"font-weight: 400;\">A trav\u00e9s de este procedimiento podr\u00e1 iniciar una reclamaci\u00f3n para conocer y oponerse a los motivos de la desestimaci\u00f3n de una solicitud de informaci\u00f3n accesible o queja, instar la adopci\u00f3n de las medidas oportunas en el caso de no estar de acuerdo con la decisi\u00f3n adoptada, o exponer las razones por las que se considera que la respuesta no cumple con los requisitos exigidos.<\/span><\/i><\/p>\n<div>\n<p>&nbsp;<\/p>\n<\/div><\/div>\n\t\t\t<\/div>\n\t\t\t<\/div>\n\t\t\t\t\n\t\t\t\t\n\t\t\t\t\n\t\t\t\t\n\t\t\t<\/div>\n\t\t\t\t\n\t\t\t\t\n\t\t\t<\/div><\/p>\n","protected":false},"excerpt":{"rendered":"","protected":false},"author":1,"featured_media":0,"parent":0,"menu_order":0,"comment_status":"closed","ping_status":"closed","template":"","meta":{"inline_featured_image":false,"_et_pb_use_builder":"on","_et_pb_old_content":"","_et_gb_content_width":"","footnotes":""},"class_list":["post-1514","page","type-page","status-publish","hentry"],"yoast_head":"<!-- This site is optimized with the Yoast SEO plugin v27.3 - https:\/\/yoast.com\/product\/yoast-seo-wordpress\/ -->\r\n<title>Declaraci\u00f3n de Accesibilidad - La Posada de Zocodover<\/title>\r\n<meta name=\"robots\" content=\"index, follow, max-snippet:-1, max-image-preview:large, max-video-preview:-1\" \/>\r\n<link rel=\"canonical\" href=\"https:\/\/laposadadezocodover.es\/en\/declaracion-de-accesibilidad\/\" \/>\r\n<meta property=\"og:locale\" content=\"en_GB\" \/>\r\n<meta property=\"og:type\" content=\"article\" \/>\r\n<meta property=\"og:title\" content=\"Declaraci\u00f3n de Accesibilidad - La Posada de Zocodover\" \/>\r\n<meta property=\"og:url\" content=\"https:\/\/laposadadezocodover.es\/en\/declaracion-de-accesibilidad\/\" \/>\r\n<meta property=\"og:site_name\" content=\"La Posada de Zocodover\" \/>\r\n<meta property=\"article:modified_time\" content=\"2023-05-15T14:33:02+00:00\" \/>\r\n<meta name=\"twitter:card\" content=\"summary_large_image\" \/>\r\n<script type=\"application\/ld+json\" class=\"yoast-schema-graph\">{\"@context\":\"https:\\\/\\\/schema.org\",\"@graph\":[{\"@type\":\"WebPage\",\"@id\":\"https:\\\/\\\/laposadadezocodover.es\\\/declaracion-de-accesibilidad\\\/\",\"url\":\"https:\\\/\\\/laposadadezocodover.es\\\/declaracion-de-accesibilidad\\\/\",\"name\":\"Declaraci\u00f3n de Accesibilidad - La Posada de Zocodover\",\"isPartOf\":{\"@id\":\"https:\\\/\\\/laposadadezocodover.es\\\/#website\"},\"datePublished\":\"2023-05-15T14:27:45+00:00\",\"dateModified\":\"2023-05-15T14:33:02+00:00\",\"breadcrumb\":{\"@id\":\"https:\\\/\\\/laposadadezocodover.es\\\/declaracion-de-accesibilidad\\\/#breadcrumb\"},\"inLanguage\":\"en-GB\",\"potentialAction\":[{\"@type\":\"ReadAction\",\"target\":[\"https:\\\/\\\/laposadadezocodover.es\\\/declaracion-de-accesibilidad\\\/\"]}]},{\"@type\":\"BreadcrumbList\",\"@id\":\"https:\\\/\\\/laposadadezocodover.es\\\/declaracion-de-accesibilidad\\\/#breadcrumb\",\"itemListElement\":[{\"@type\":\"ListItem\",\"position\":1,\"name\":\"Portada\",\"item\":\"https:\\\/\\\/laposadadezocodover.es\\\/\"},{\"@type\":\"ListItem\",\"position\":2,\"name\":\"Declaraci\u00f3n de Accesibilidad\"}]},{\"@type\":\"WebSite\",\"@id\":\"https:\\\/\\\/laposadadezocodover.es\\\/#website\",\"url\":\"https:\\\/\\\/laposadadezocodover.es\\\/\",\"name\":\"La Posada de Zocodover\",\"description\":\"Posada en Toledo\",\"publisher\":{\"@id\":\"https:\\\/\\\/laposadadezocodover.es\\\/#organization\"},\"potentialAction\":[{\"@type\":\"SearchAction\",\"target\":{\"@type\":\"EntryPoint\",\"urlTemplate\":\"https:\\\/\\\/laposadadezocodover.es\\\/?s={search_term_string}\"},\"query-input\":{\"@type\":\"PropertyValueSpecification\",\"valueRequired\":true,\"valueName\":\"search_term_string\"}}],\"inLanguage\":\"en-GB\"},{\"@type\":\"Organization\",\"@id\":\"https:\\\/\\\/laposadadezocodover.es\\\/#organization\",\"name\":\"La Posada de Zocodover\",\"url\":\"https:\\\/\\\/laposadadezocodover.es\\\/\",\"logo\":{\"@type\":\"ImageObject\",\"inLanguage\":\"en-GB\",\"@id\":\"https:\\\/\\\/laposadadezocodover.es\\\/#\\\/schema\\\/logo\\\/image\\\/\",\"url\":\"https:\\\/\\\/laposadadezocodover.es\\\/wp-content\\\/uploads\\\/2022\\\/07\\\/cropped-Z.png\",\"contentUrl\":\"https:\\\/\\\/laposadadezocodover.es\\\/wp-content\\\/uploads\\\/2022\\\/07\\\/cropped-Z.png\",\"width\":512,\"height\":512,\"caption\":\"La Posada de Zocodover\"},\"image\":{\"@id\":\"https:\\\/\\\/laposadadezocodover.es\\\/#\\\/schema\\\/logo\\\/image\\\/\"}}]}<\/script>\r\n<!-- \/ Yoast SEO plugin. -->","yoast_head_json":{"title":"Declaraci\u00f3n de Accesibilidad - La Posada de Zocodover","robots":{"index":"index","follow":"follow","max-snippet":"max-snippet:-1","max-image-preview":"max-image-preview:large","max-video-preview":"max-video-preview:-1"},"canonical":"https:\/\/laposadadezocodover.es\/en\/declaracion-de-accesibilidad\/","og_locale":"en_GB","og_type":"article","og_title":"Declaraci\u00f3n de Accesibilidad - La Posada de Zocodover","og_url":"https:\/\/laposadadezocodover.es\/en\/declaracion-de-accesibilidad\/","og_site_name":"La Posada de Zocodover","article_modified_time":"2023-05-15T14:33:02+00:00","twitter_card":"summary_large_image","schema":{"@context":"https:\/\/schema.org","@graph":[{"@type":"WebPage","@id":"https:\/\/laposadadezocodover.es\/declaracion-de-accesibilidad\/","url":"https:\/\/laposadadezocodover.es\/declaracion-de-accesibilidad\/","name":"Declaraci\u00f3n de Accesibilidad - La Posada de Zocodover","isPartOf":{"@id":"https:\/\/laposadadezocodover.es\/#website"},"datePublished":"2023-05-15T14:27:45+00:00","dateModified":"2023-05-15T14:33:02+00:00","breadcrumb":{"@id":"https:\/\/laposadadezocodover.es\/declaracion-de-accesibilidad\/#breadcrumb"},"inLanguage":"en-GB","potentialAction":[{"@type":"ReadAction","target":["https:\/\/laposadadezocodover.es\/declaracion-de-accesibilidad\/"]}]},{"@type":"BreadcrumbList","@id":"https:\/\/laposadadezocodover.es\/declaracion-de-accesibilidad\/#breadcrumb","itemListElement":[{"@type":"ListItem","position":1,"name":"Portada","item":"https:\/\/laposadadezocodover.es\/"},{"@type":"ListItem","position":2,"name":"Declaraci\u00f3n de Accesibilidad"}]},{"@type":"WebSite","@id":"https:\/\/laposadadezocodover.es\/#website","url":"https:\/\/laposadadezocodover.es\/","name":"La Posada de Zocodover","description":"Posada en Toledo","publisher":{"@id":"https:\/\/laposadadezocodover.es\/#organization"},"potentialAction":[{"@type":"SearchAction","target":{"@type":"EntryPoint","urlTemplate":"https:\/\/laposadadezocodover.es\/?s={search_term_string}"},"query-input":{"@type":"PropertyValueSpecification","valueRequired":true,"valueName":"search_term_string"}}],"inLanguage":"en-GB"},{"@type":"Organization","@id":"https:\/\/laposadadezocodover.es\/#organization","name":"La Posada de Zocodover","url":"https:\/\/laposadadezocodover.es\/","logo":{"@type":"ImageObject","inLanguage":"en-GB","@id":"https:\/\/laposadadezocodover.es\/#\/schema\/logo\/image\/","url":"https:\/\/laposadadezocodover.es\/wp-content\/uploads\/2022\/07\/cropped-Z.png","contentUrl":"https:\/\/laposadadezocodover.es\/wp-content\/uploads\/2022\/07\/cropped-Z.png","width":512,"height":512,"caption":"La Posada de Zocodover"},"image":{"@id":"https:\/\/laposadadezocodover.es\/#\/schema\/logo\/image\/"}}]}},"_links":{"self":[{"href":"https:\/\/laposadadezocodover.es\/en\/wp-json\/wp\/v2\/pages\/1514","targetHints":{"allow":["GET"]}}],"collection":[{"href":"https:\/\/laposadadezocodover.es\/en\/wp-json\/wp\/v2\/pages"}],"about":[{"href":"https:\/\/laposadadezocodover.es\/en\/wp-json\/wp\/v2\/types\/page"}],"author":[{"embeddable":true,"href":"https:\/\/laposadadezocodover.es\/en\/wp-json\/wp\/v2\/users\/1"}],"replies":[{"embeddable":true,"href":"https:\/\/laposadadezocodover.es\/en\/wp-json\/wp\/v2\/comments?post=1514"}],"version-history":[{"count":3,"href":"https:\/\/laposadadezocodover.es\/en\/wp-json\/wp\/v2\/pages\/1514\/revisions"}],"predecessor-version":[{"id":1517,"href":"https:\/\/laposadadezocodover.es\/en\/wp-json\/wp\/v2\/pages\/1514\/revisions\/1517"}],"wp:attachment":[{"href":"https:\/\/laposadadezocodover.es\/en\/wp-json\/wp\/v2\/media?parent=1514"}],"curies":[{"name":"wp","href":"https:\/\/api.w.org\/{rel}","templated":true}]}}